{"id":1128,"date":"2019-12-03T12:58:55","date_gmt":"2019-12-03T12:58:55","guid":{"rendered":"https:\/\/solene.qodeinteractive.com\/?page_id=1128"},"modified":"2025-10-20T13:53:40","modified_gmt":"2025-10-20T11:53:40","slug":"tarifs","status":"publish","type":"page","link":"https:\/\/jessicaquesnot.com\/index.php\/tarifs\/","title":{"rendered":"Tarifs"},"content":{"rendered":"<div class=\"wpb-content-wrapper\"><p>[vc_row css=\u00a0\u00bb.vc_custom_1575381762623{margin-right: 45px !important;margin-left: 45px !important;}\u00a0\u00bb][vc_column offset=\u00a0\u00bbvc_hidden-xs\u00a0\u00bb]<div class=\"eltdf-elements-holder   eltdf-one-column  eltdf-responsive-mode-768 \" ><div class=\"eltdf-eh-item   eltdf-horizontal-alignment-center \" style=\"background-image: url(https:\/\/jessicaquesnot.com\/wp-content\/uploads\/2025\/10\/Nouveau-Ne-3-scaled.jpg)\" data-item-class=\"eltdf-eh-custom-5662\">\n\t<div class=\"eltdf-eh-item-inner\">\n\t\t<div class=\"eltdf-eh-item-content eltdf-eh-custom-5662\" style=\"padding: 15% 0 15% 0\">\n\t\t\t<div class=\"eltdf-section-title-holder  \" >\n\t<div class=\"eltdf-st-inner\">\n\t\t\t\t\t\t\t<h1 class=\"eltdf-st-title\" style=\"color: #ffffff\">\n\t\t\t\tTarifs\t\t\t\t\t\t\t<\/h1>\n\t\t\t\t\t\t\t\t\t<\/div>\n<\/div>\t\t<\/div>\n\t<\/div>\n<\/div><\/div><div class=\"eltdf-section-title-holder  \" style=\"text-align: center\">\n\t<div class=\"eltdf-st-inner\">\n\t\t\t\t\t\t\t\t\t\t\t<\/div>\n<\/div>[\/vc_column][\/vc_row][vc_row css=\u00a0\u00bb.vc_custom_1575382758596{margin-right: 17px !important;margin-left: 17px !important;}\u00a0\u00bb][vc_column offset=\u00a0\u00bbvc_hidden-lg vc_hidden-md vc_hidden-sm\u00a0\u00bb]<div class=\"eltdf-elements-holder   eltdf-one-column  eltdf-responsive-mode-768 \" ><div class=\"eltdf-eh-item   eltdf-horizontal-alignment-center \" style=\"background-image: url(https:\/\/jessicaquesnot.com\/wp-content\/uploads\/2019\/12\/our-services-title-img.jpg)\" data-item-class=\"eltdf-eh-custom-2519\" data-680=\"25% 0 25% 0\">\n\t<div class=\"eltdf-eh-item-inner\">\n\t\t<div class=\"eltdf-eh-item-content eltdf-eh-custom-2519\" style=\"padding: 15% 0 15% 0\">\n\t\t\t<div class=\"eltdf-section-title-holder  \" >\n\t<div class=\"eltdf-st-inner\">\n\t\t\t\t\t\t\t<h1 class=\"eltdf-st-title\" style=\"color: #ffffff\">\n\t\t\t\tOur services\t\t\t\t\t\t\t<\/h1>\n\t\t\t\t\t\t\t\t\t<\/div>\n<\/div>\t\t<\/div>\n\t<\/div>\n<\/div><\/div>[\/vc_column][\/vc_row][vc_row css=\u00a0\u00bb.vc_custom_1622814792419{padding-bottom: 0px !important;background-image: url(https:\/\/solene.qodeinteractive.com\/wp-content\/uploads\/2019\/12\/our-services-background-img.png?id=1193) !important;background-position: center !important;background-repeat: no-repeat !important;background-size: contain !important;}\u00a0\u00bb][vc_column css=\u00a0\u00bb.vc_custom_1622814542224{padding-top: 0px !important;}\u00a0\u00bb][vc_row_inner row_content_width=\u00a0\u00bbgrid\u00a0\u00bb][vc_column_inner]<div class=\"eltdf-pricing-tables eltdf-grid-list eltdf-disable-bottom-space clearfix eltdf-three-columns eltdf-medium-space\"><div class=\"eltdf-pt-wrapper eltdf-outer-space\"><div class=\"eltdf-price-table eltdf-item-space  \">\n\t<div class=\"eltdf-pt-inner\" style=\"color: #afafa5\">\n\t\t<ul >\n\t\t\t<li class=\"eltdf-pt-title-holder\">\n\t\t\t\t<span class=\"eltdf-pt-title\" ><\/span>\n\t\t\t<\/li>\n\t\t\t<li class=\"eltdf-pt-prices\">\n\t\t\t\t<sup class=\"eltdf-pt-value\" > <\/sup>\n\t\t\t\t<span class=\"eltdf-pt-price\" >Grossesse<\/span>\n\t\t\t\t<span class=\"eltdf-pt-mark\" >Lundi, Mardi, Jeudi et Vendredi<\/span>\n\t\t\t<\/li>\n\t\t\t<li class=\"eltdf-pt-content\">\n\t\t\t\t\n<p style=\"text-align: center;\">Ext\u00e9rieur ou Studio<\/p>\n<p style=\"text-align: center;\">S\u00e9ance photo \u00e0 r\u00e9aliser id\u00e9alement entre le 6e et 8e mois<\/p>\n<p style=\"text-align: center;\">\u00e0 partir de<\/p>\n<h2 style=\"text-align: center;\">110\u20ac<\/h2>\n<h2 style=\"text-align: center;\"><\/h2>\n\t\t\t<\/li>\n\t\t\t\t\t<\/ul>\n\t<\/div>\n<\/div><div class=\"eltdf-price-table eltdf-item-space  \">\n\t<div class=\"eltdf-pt-inner\" style=\"color: #afafa5\">\n\t\t<ul >\n\t\t\t<li class=\"eltdf-pt-title-holder\">\n\t\t\t\t<span class=\"eltdf-pt-title\" ><\/span>\n\t\t\t<\/li>\n\t\t\t<li class=\"eltdf-pt-prices\">\n\t\t\t\t<sup class=\"eltdf-pt-value\" > <\/sup>\n\t\t\t\t<span class=\"eltdf-pt-price\" >Nouveau N\u00e9<\/span>\n\t\t\t\t<span class=\"eltdf-pt-mark\" >Lundi, Mardi, Jeudi et Vendredi<\/span>\n\t\t\t<\/li>\n\t\t\t<li class=\"eltdf-pt-content\">\n\t\t\t\t\n<p style=\"text-align: center;\">Studio<\/p>\n<p style=\"text-align: center;\">S\u00e9ance photo \u00e0 r\u00e9aliser id\u00e9alement dans le premier mois de vie<\/p>\n<p style=\"text-align: center;\">\u00e0 partir de<\/p>\n<h2 style=\"text-align: center;\">110\u20ac<\/h2>\n<h2 style=\"text-align: center;\"><\/h2>\n\t\t\t<\/li>\n\t\t\t\t\t<\/ul>\n\t<\/div>\n<\/div><div class=\"eltdf-price-table eltdf-item-space  \">\n\t<div class=\"eltdf-pt-inner\" style=\"color: #afafa5\">\n\t\t<ul >\n\t\t\t<li class=\"eltdf-pt-title-holder\">\n\t\t\t\t<span class=\"eltdf-pt-title\" ><\/span>\n\t\t\t<\/li>\n\t\t\t<li class=\"eltdf-pt-prices\">\n\t\t\t\t<sup class=\"eltdf-pt-value\" > <\/sup>\n\t\t\t\t<span class=\"eltdf-pt-price\" >Famille B\u00e9b\u00e9 Enfant<\/span>\n\t\t\t\t<span class=\"eltdf-pt-mark\" >Lundi, Mardi, Jeudi et Vendredi<\/span>\n\t\t\t<\/li>\n\t\t\t<li class=\"eltdf-pt-content\">\n\t\t\t\t\n<p style=\"text-align: center;\">Studio ou Ext\u00e9rieur<\/p>\n<p style=\"text-align: center;\">\u00e0 partir de<\/p>\n<h2 style=\"text-align: center;\">110\u20ac<\/h2>\n<h2 style=\"text-align: center;\"><\/h2>\n\t\t\t<\/li>\n\t\t\t\t\t<\/ul>\n\t<\/div>\n<\/div><div class=\"eltdf-price-table eltdf-item-space  \">\n\t<div class=\"eltdf-pt-inner\" style=\"color: #afafa5\">\n\t\t<ul >\n\t\t\t<li class=\"eltdf-pt-title-holder\">\n\t\t\t\t<span class=\"eltdf-pt-title\" ><\/span>\n\t\t\t<\/li>\n\t\t\t<li class=\"eltdf-pt-prices\">\n\t\t\t\t<sup class=\"eltdf-pt-value\" > <\/sup>\n\t\t\t\t<span class=\"eltdf-pt-price\" >Iris<\/span>\n\t\t\t\t<span class=\"eltdf-pt-mark\" >Lundi, Mardi, Jeudi et Vendredi<\/span>\n\t\t\t<\/li>\n\t\t\t<li class=\"eltdf-pt-content\">\n\t\t\t\t\n<p style=\"text-align: center;\">Studio<\/p>\n<p style=\"text-align: center;\">\u00e0 partir de<\/p>\n<h2 style=\"text-align: center;\">100\u20ac<\/h2>\n<h2 style=\"text-align: center;\"><\/h2>\n\t\t\t<\/li>\n\t\t\t\t\t<\/ul>\n\t<\/div>\n<\/div><div class=\"eltdf-price-table eltdf-item-space  \">\n\t<div class=\"eltdf-pt-inner\" style=\"color: #afafa5\">\n\t\t<ul >\n\t\t\t<li class=\"eltdf-pt-title-holder\">\n\t\t\t\t<span class=\"eltdf-pt-title\" ><\/span>\n\t\t\t<\/li>\n\t\t\t<li class=\"eltdf-pt-prices\">\n\t\t\t\t<sup class=\"eltdf-pt-value\" > <\/sup>\n\t\t\t\t<span class=\"eltdf-pt-price\" >Portrait<\/span>\n\t\t\t\t<span class=\"eltdf-pt-mark\" >Lundi, Mardi, Jeudi et Vendredi<\/span>\n\t\t\t<\/li>\n\t\t\t<li class=\"eltdf-pt-content\">\n\t\t\t\t\n<p style=\"text-align: center;\">Ext\u00e9rieur ou Studio<\/p>\n<p style=\"text-align: center;\">\u00e0 partir de<\/p>\n<h2 style=\"text-align: center;\">90\u20ac<\/h2>\n<h2 style=\"text-align: center;\"><\/h2>\n\t\t\t<\/li>\n\t\t\t\t\t<\/ul>\n\t<\/div>\n<\/div><\/div><\/div>[\/vc_column_inner][\/vc_row_inner][vc_row_inner css=\u00a0\u00bb.vc_custom_1576754015432{padding-top: 119px !important;padding-bottom: 27px !important;}\u00a0\u00bb][vc_column_inner]<div class=\"eltdf-section-title-holder  \" style=\"text-align: center\">\n\t<div class=\"eltdf-st-inner\">\n\t\t\t\t\t\t\t<h2 class=\"eltdf-st-title\" >\n\t\t\t\tSuis moi sur Instagram\t\t\t\t\t\t\t<\/h2>\n\t\t\t\t\t\t\t<h3  class=\"eltdf-st-subtitle\" style=\"text-transform: none;font-style: italic;color: #72726c\">\n\t\t\t\t<span>\n\t\t\t\t\t@jessica_quesnot\t\t\t\t\t\t\t\t\t<\/span>\n\t\t\t<\/h3 >\n\t\t\t\t\t\t\t<\/div>\n<\/div>[\/vc_column_inner][\/vc_row_inner][vc_row_inner css=\u00a0\u00bb.vc_custom_1576754015432{padding-top: 119px !important;padding-bottom: 27px !important;}\u00a0\u00bb][vc_column_inner][\/vc_column_inner][\/vc_row_inner][\/vc_column][\/vc_row]<\/p>\n<\/div>","protected":false},"excerpt":{"rendered":"<p>[vc_row css=\u00a0\u00bb.vc_custom_1575381762623{margin-right: 45px !important;margin-left: 45px !important;}\u00a0\u00bb][vc_column offset=\u00a0\u00bbvc_hidden-xs\u00a0\u00bb][\/vc_column][\/vc_row][vc_row css=\u00a0\u00bb.vc_custom_1575382758596{margin-right: 17px !important;margin-left: 17px !important;}\u00a0\u00bb][vc_column offset=\u00a0\u00bbvc_hidden-lg vc_hidden-md vc_hidden-sm\u00a0\u00bb][\/vc_column][\/vc_row][vc_row css=\u00a0\u00bb.vc_custom_1622814792419{padding-bottom: 0px !important;background-image: url(https:\/\/solene.qodeinteractive.com\/wp-content\/uploads\/2019\/12\/our-services-background-img.png?id=1193) !important;background-position: center !important;background-repeat: no-repeat !important;background-size: contain !important;}\u00a0\u00bb][vc_column css=\u00a0\u00bb.vc_custom_1622814542224{padding-top: 0px !important;}\u00a0\u00bb][vc_row_inner row_content_width=\u00a0\u00bbgrid\u00a0\u00bb][vc_column_inner][\/vc_column_inner][\/vc_row_inner][vc_row_inner css=\u00a0\u00bb.vc_custom_1576754015432{padding-top: 119px !important;padding-bottom: 27px !important;}\u00a0\u00bb][vc_column_inner][\/vc_column_inner][\/vc_row_inner][vc_row_inner css=\u00a0\u00bb.vc_custom_1576754015432{padding-top: 119px !important;padding-bottom: 27px !important;}\u00a0\u00bb][vc_column_inner][\/vc_column_inner][\/vc_row_inner][\/vc_column][\/vc_row]<\/p>\n","protected":false},"author":1,"featured_media":0,"parent":0,"menu_order":0,"comment_status":"closed","ping_status":"closed","template":"full-width.php","meta":{"footnotes":""},"class_list":["post-1128","page","type-page","status-publish","hentry"],"_links":{"self":[{"href":"https:\/\/jessicaquesnot.com\/index.php\/wp-json\/wp\/v2\/pages\/1128","targetHints":{"allow":["GET"]}}],"collection":[{"href":"https:\/\/jessicaquesnot.com\/index.php\/wp-json\/wp\/v2\/pages"}],"about":[{"href":"https:\/\/jessicaquesnot.com\/index.php\/wp-json\/wp\/v2\/types\/page"}],"author":[{"embeddable":true,"href":"https:\/\/jessicaquesnot.com\/index.php\/wp-json\/wp\/v2\/users\/1"}],"replies":[{"embeddable":true,"href":"https:\/\/jessicaquesnot.com\/index.php\/wp-json\/wp\/v2\/comments?post=1128"}],"version-history":[{"count":26,"href":"https:\/\/jessicaquesnot.com\/index.php\/wp-json\/wp\/v2\/pages\/1128\/revisions"}],"predecessor-version":[{"id":4735,"href":"https:\/\/jessicaquesnot.com\/index.php\/wp-json\/wp\/v2\/pages\/1128\/revisions\/4735"}],"wp:attachment":[{"href":"https:\/\/jessicaquesnot.com\/index.php\/wp-json\/wp\/v2\/media?parent=1128"}],"curies":[{"name":"wp","href":"https:\/\/api.w.org\/{rel}","templated":true}]}}