{"id":166,"date":"2019-11-21T09:02:33","date_gmt":"2019-11-21T09:02:33","guid":{"rendered":"https:\/\/solene.qodeinteractive.com\/?page_id=166"},"modified":"2025-10-08T12:16:50","modified_gmt":"2025-10-08T10:16:50","slug":"carousel-gallery","status":"publish","type":"page","link":"https:\/\/jessicaquesnot.com\/","title":{"rendered":"Carousel Gallery"},"content":{"rendered":"<div class=\"wpb-content-wrapper\"><p>[vc_row][vc_column][vc_column_text]<span dir=\"auto\" style=\"vertical-align: inherit;\"><span dir=\"auto\" style=\"vertical-align: inherit;\"><span dir=\"auto\" style=\"vertical-align: inherit;\"><span dir=\"auto\" style=\"vertical-align: inherit;\"><span dir=\"auto\" style=\"vertical-align: inherit;\"><span dir=\"auto\" style=\"vertical-align: inherit;\">[\/vc_column_text][\/vc_column][\/vc_row][vc_row][vc_column]<div class=\"eltdf-portfolio-slider-full-screen   eltdf-medium-space eltdf-pl-mousewheel-enabled\">\n\t<div class=\"eltdf-psfs-inner eltdf-owl-slider\" data-number-of-items=\"3\" data-enable-loop=\"yes\" data-enable-autoplay=\"yes\" data-slider-speed=\"5000\" data-slider-speed-animation=\"600\" data-slider-animate-in=\"fadeIn\" data-slider-animate-out=\"fadeOut\" data-enable-navigation=\"no\">\n\t\t<div class=\"eltdf-psfs-item\">\n\t\n\t<div class=\"eltdf-psfsi-image-holder\">\n\t<div class=\"eltdf-psfsi-image\" style=\"background-image: url(https:\/\/jessicaquesnot.com\/wp-content\/uploads\/2019\/12\/Alicia-Et-Maeva-83-Copier-scaled.jpg)\"><\/div>\n<\/div>\n\n\t\n\t<div class=\"eltdf-psfsi-info-holder\">\n\t\t\t<h3 itemprop=\"name\" class=\"eltdf-psfsi-title entry-title\" style=\"text-transform: uppercase\">\n\tPortrait Feminin\t<\/h3>\n\t\t\n\t\t\t\t<div class=\"eltdf-psfsi-category-holder\">\n\t\t\t\t\t\t\t<a itemprop=\"url\" class=\"eltdf-psfsi-category\" href=\"https:\/\/jessicaquesnot.com\/index.php\/portfolio-category\/portfolio\/\">Portfolio<\/a>\n\t\t\t\t\t<\/div>\n\t\t\t\n\t\t\t<span class=\"eltdf-psfsi-button-holder\">\n\t\t<span class=\"eltdf-psfsi-button\">\n\t\t\t<a itemprop=\"url\" href=\"https:\/\/jessicaquesnot.com\/index.php\/portfolio-item\/portraitfemme\/\" target=\"_self\"  class=\"eltdf-btn eltdf-btn-large eltdf-btn-outline\"  >\t\t\t<span class=\"eltdf-btn-outline-horizontal-lines\"  ><\/span>\t\t<span class=\"eltdf-btn-outline-vertical-lines\"  ><\/span>\t\t<span class=\"eltdf-btn-text\">view gallery<\/span>    <\/a>\t\t<\/span>\n\t<\/span>\n\t<\/div>\n\t\n\t<a itemprop=\"url\" class=\"eltdf-psfsi-link eltdf-block-drag-link\" href=\"https:\/\/jessicaquesnot.com\/index.php\/portfolio-item\/portraitfemme\/\" target=\"_self\"><\/a>\n<\/div><div class=\"eltdf-psfs-item\">\n\t\n\t<div class=\"eltdf-psfsi-image-holder\">\n\t<div class=\"eltdf-psfsi-image\" style=\"background-image: url(https:\/\/jessicaquesnot.com\/wp-content\/uploads\/2019\/12\/Nouveau-Ne-94-Copier-scaled.jpg)\"><\/div>\n<\/div>\n\n\t\n\t<div class=\"eltdf-psfsi-info-holder\">\n\t\t\t<h3 itemprop=\"name\" class=\"eltdf-psfsi-title entry-title\" style=\"text-transform: uppercase\">\n\tNouveau N\u00e9\t<\/h3>\n\t\t\n\t\t\t\t<div class=\"eltdf-psfsi-category-holder\">\n\t\t\t\t\t\t\t<a itemprop=\"url\" class=\"eltdf-psfsi-category\" href=\"https:\/\/jessicaquesnot.com\/index.php\/portfolio-category\/portfolio\/\">Portfolio<\/a>\n\t\t\t\t\t<\/div>\n\t\t\t\n\t\t\t<span class=\"eltdf-psfsi-button-holder\">\n\t\t<span class=\"eltdf-psfsi-button\">\n\t\t\t<a itemprop=\"url\" href=\"https:\/\/jessicaquesnot.com\/index.php\/portfolio-item\/nouveaune\/\" target=\"_self\"  class=\"eltdf-btn eltdf-btn-large eltdf-btn-outline\"  >\t\t\t<span class=\"eltdf-btn-outline-horizontal-lines\"  ><\/span>\t\t<span class=\"eltdf-btn-outline-vertical-lines\"  ><\/span>\t\t<span class=\"eltdf-btn-text\">view gallery<\/span>    <\/a>\t\t<\/span>\n\t<\/span>\n\t<\/div>\n\t\n\t<a itemprop=\"url\" class=\"eltdf-psfsi-link eltdf-block-drag-link\" href=\"https:\/\/jessicaquesnot.com\/index.php\/portfolio-item\/nouveaune\/\" target=\"_self\"><\/a>\n<\/div><div class=\"eltdf-psfs-item\">\n\t\n\t<div class=\"eltdf-psfsi-image-holder\">\n\t<div class=\"eltdf-psfsi-image\" style=\"background-image: url(https:\/\/jessicaquesnot.com\/wp-content\/uploads\/2019\/12\/montage-2-scaled.jpg)\"><\/div>\n<\/div>\n\n\t\n\t<div class=\"eltdf-psfsi-info-holder\">\n\t\t\t<h3 itemprop=\"name\" class=\"eltdf-psfsi-title entry-title\" style=\"text-transform: uppercase\">\n\tIris\t<\/h3>\n\t\t\n\t\t\t\t<div class=\"eltdf-psfsi-category-holder\">\n\t\t\t\t\t\t\t<a itemprop=\"url\" class=\"eltdf-psfsi-category\" href=\"https:\/\/jessicaquesnot.com\/index.php\/portfolio-category\/portfolio\/\">Portfolio<\/a>\n\t\t\t\t\t<\/div>\n\t\t\t\n\t\t\t<span class=\"eltdf-psfsi-button-holder\">\n\t\t<span class=\"eltdf-psfsi-button\">\n\t\t\t<a itemprop=\"url\" href=\"https:\/\/jessicaquesnot.com\/index.php\/portfolio-item\/iris\/\" target=\"_self\"  class=\"eltdf-btn eltdf-btn-large eltdf-btn-outline\"  >\t\t\t<span class=\"eltdf-btn-outline-horizontal-lines\"  ><\/span>\t\t<span class=\"eltdf-btn-outline-vertical-lines\"  ><\/span>\t\t<span class=\"eltdf-btn-text\">view gallery<\/span>    <\/a>\t\t<\/span>\n\t<\/span>\n\t<\/div>\n\t\n\t<a itemprop=\"url\" class=\"eltdf-psfsi-link eltdf-block-drag-link\" href=\"https:\/\/jessicaquesnot.com\/index.php\/portfolio-item\/iris\/\" target=\"_self\"><\/a>\n<\/div><div class=\"eltdf-psfs-item\">\n\t\n\t<div class=\"eltdf-psfsi-image-holder\">\n\t<div class=\"eltdf-psfsi-image\" style=\"background-image: url(https:\/\/jessicaquesnot.com\/wp-content\/uploads\/2020\/01\/GRossesse-Studio-21-Copier-scaled.jpg)\"><\/div>\n<\/div>\n\n\t\n\t<div class=\"eltdf-psfsi-info-holder\">\n\t\t\t<h3 itemprop=\"name\" class=\"eltdf-psfsi-title entry-title\" style=\"text-transform: uppercase\">\n\tGrossesse Studio\t<\/h3>\n\t\t\n\t\t\t\t<div class=\"eltdf-psfsi-category-holder\">\n\t\t\t\t\t\t\t<a itemprop=\"url\" class=\"eltdf-psfsi-category\" href=\"https:\/\/jessicaquesnot.com\/index.php\/portfolio-category\/portfolio\/\">Portfolio<\/a>\n\t\t\t\t\t<\/div>\n\t\t\t\n\t\t\t<span class=\"eltdf-psfsi-button-holder\">\n\t\t<span class=\"eltdf-psfsi-button\">\n\t\t\t<a itemprop=\"url\" href=\"https:\/\/jessicaquesnot.com\/index.php\/portfolio-item\/grossessestudio\/\" target=\"_self\"  class=\"eltdf-btn eltdf-btn-large eltdf-btn-outline\"  >\t\t\t<span class=\"eltdf-btn-outline-horizontal-lines\"  ><\/span>\t\t<span class=\"eltdf-btn-outline-vertical-lines\"  ><\/span>\t\t<span class=\"eltdf-btn-text\">view gallery<\/span>    <\/a>\t\t<\/span>\n\t<\/span>\n\t<\/div>\n\t\n\t<a itemprop=\"url\" class=\"eltdf-psfsi-link eltdf-block-drag-link\" href=\"https:\/\/jessicaquesnot.com\/index.php\/portfolio-item\/grossessestudio\/\" target=\"_self\"><\/a>\n<\/div><div class=\"eltdf-psfs-item\">\n\t\n\t<div class=\"eltdf-psfsi-image-holder\">\n\t<div class=\"eltdf-psfsi-image\" style=\"background-image: url(https:\/\/jessicaquesnot.com\/wp-content\/uploads\/2019\/12\/Thais-7-scaled.jpg)\"><\/div>\n<\/div>\n\n\t\n\t<div class=\"eltdf-psfsi-info-holder\">\n\t\t\t<h3 itemprop=\"name\" class=\"eltdf-psfsi-title entry-title\" style=\"text-transform: uppercase\">\n\tGrossesse Ext\u00e9rieur\t<\/h3>\n\t\t\n\t\t\t\t<div class=\"eltdf-psfsi-category-holder\">\n\t\t\t\t\t\t\t<a itemprop=\"url\" class=\"eltdf-psfsi-category\" href=\"https:\/\/jessicaquesnot.com\/index.php\/portfolio-category\/portfolio\/\">Portfolio<\/a>\n\t\t\t\t\t<\/div>\n\t\t\t\n\t\t\t<span class=\"eltdf-psfsi-button-holder\">\n\t\t<span class=\"eltdf-psfsi-button\">\n\t\t\t<a itemprop=\"url\" href=\"https:\/\/jessicaquesnot.com\/index.php\/portfolio-item\/grossesseext\/\" target=\"_self\"  class=\"eltdf-btn eltdf-btn-large eltdf-btn-outline\"  >\t\t\t<span class=\"eltdf-btn-outline-horizontal-lines\"  ><\/span>\t\t<span class=\"eltdf-btn-outline-vertical-lines\"  ><\/span>\t\t<span class=\"eltdf-btn-text\">view gallery<\/span>    <\/a>\t\t<\/span>\n\t<\/span>\n\t<\/div>\n\t\n\t<a itemprop=\"url\" class=\"eltdf-psfsi-link eltdf-block-drag-link\" href=\"https:\/\/jessicaquesnot.com\/index.php\/portfolio-item\/grossesseext\/\" target=\"_self\"><\/a>\n<\/div>\t<\/div>\n<\/div>[\/vc_column][\/vc_row][vc_row][vc_column][vc_column_text css=\u00a0\u00bb\u00a0\u00bb]<\/span><\/span><\/span><\/span><\/span><\/span><\/p>\n<h3 style=\"text-align: center;\" data-start=\"389\" data-end=\"419\"><a href=\"https:\/\/jessicaquesnot.com\/index.php\/votrephotographe\/\">Photographe en Normandie<\/a><\/h3>\n<p style=\"text-align: center;\" data-start=\"420\" data-end=\"659\">Sp\u00e9cialis\u00e9e dans la maternit\u00e9, la naissance et la famille, je capture les instants pr\u00e9cieux qui font battre vos c\u0153urs.<br data-start=\"538\" data-end=\"541\" \/>Du premier souffle de votre b\u00e9b\u00e9 aux \u00e9clats de rire partag\u00e9s, chaque image devient un souvenir unique \u00e0 transmettre.<\/p>\n<p style=\"text-align: center;\" data-start=\"661\" data-end=\"763\">Une bulle de douceur, d\u2019authenticit\u00e9 et d\u2019\u00e9motion\u2026 pour \u00e9crire ensemble l\u2019histoire de votre famille.<\/p>\n<p style=\"text-align: center;\" data-start=\"765\" data-end=\"785\"><a href=\"https:\/\/jessicaquesnot.com\/index.php\/votrephotographe\/\">En savoir plus<\/a><\/p>\n<p><span dir=\"auto\" style=\"vertical-align: inherit;\"><span dir=\"auto\" style=\"vertical-align: inherit;\"><span dir=\"auto\" style=\"vertical-align: inherit;\"><span dir=\"auto\" style=\"vertical-align: inherit;\"><span dir=\"auto\" style=\"vertical-align: inherit;\"><span dir=\"auto\" style=\"vertical-align: inherit;\">[\/vc_column_text][\/vc_column][\/vc_row][vc_row][vc_column][vc_column_text]<\/span><\/span><\/span><\/span><\/span><\/span>[\/vc_column_text][\/vc_column][\/vc_row]<\/p>\n<\/div>","protected":false},"excerpt":{"rendered":"<p>[vc_row][vc_column][vc_column_text][\/vc_column_text][\/vc_column][\/vc_row][vc_row][vc_column][\/vc_column][\/vc_row][vc_row][vc_column][vc_column_text css=\u00a0\u00bb\u00a0\u00bb] Photographe en Normandie Sp\u00e9cialis\u00e9e dans la maternit\u00e9, la naissance et la famille, je capture les instants pr\u00e9cieux qui font battre vos c\u0153urs.Du premier souffle de votre b\u00e9b\u00e9 aux \u00e9clats de rire partag\u00e9s, chaque image devient un souvenir unique \u00e0 transmettre. Une bulle de douceur, d\u2019authenticit\u00e9 et d\u2019\u00e9motion\u2026 pour \u00e9crire ensemble l\u2019histoire de votre famille. En [&hellip;]<\/p>\n","protected":false},"author":1,"featured_media":0,"parent":0,"menu_order":0,"comment_status":"closed","ping_status":"closed","template":"full-width.php","meta":{"footnotes":""},"class_list":["post-166","page","type-page","status-publish","hentry"],"_links":{"self":[{"href":"https:\/\/jessicaquesnot.com\/index.php\/wp-json\/wp\/v2\/pages\/166","targetHints":{"allow":["GET"]}}],"collection":[{"href":"https:\/\/jessicaquesnot.com\/index.php\/wp-json\/wp\/v2\/pages"}],"about":[{"href":"https:\/\/jessicaquesnot.com\/index.php\/wp-json\/wp\/v2\/types\/page"}],"author":[{"embeddable":true,"href":"https:\/\/jessicaquesnot.com\/index.php\/wp-json\/wp\/v2\/users\/1"}],"replies":[{"embeddable":true,"href":"https:\/\/jessicaquesnot.com\/index.php\/wp-json\/wp\/v2\/comments?post=166"}],"version-history":[{"count":38,"href":"https:\/\/jessicaquesnot.com\/index.php\/wp-json\/wp\/v2\/pages\/166\/revisions"}],"predecessor-version":[{"id":4716,"href":"https:\/\/jessicaquesnot.com\/index.php\/wp-json\/wp\/v2\/pages\/166\/revisions\/4716"}],"wp:attachment":[{"href":"https:\/\/jessicaquesnot.com\/index.php\/wp-json\/wp\/v2\/media?parent=166"}],"curies":[{"name":"wp","href":"https:\/\/api.w.org\/{rel}","templated":true}]}}